{"id":596,"date":"2016-01-01T21:38:25","date_gmt":"2016-01-01T21:38:25","guid":{"rendered":"http:\/\/www.mittagsblog.de\/?page_id=596"},"modified":"2017-06-21T20:42:33","modified_gmt":"2017-06-21T20:42:33","slug":"blog","status":"publish","type":"page","link":"https:\/\/www.mittagsblog.de\/?page_id=596","title":{"rendered":"Blog"},"content":{"rendered":"<p>Der Mittagsblog ist ein Mischmaschblog. Angefangen 2008 mit pers\u00f6nlichen Geschichten aus meinem Alltag. Mittlerweile schreibe ich \u00fcber:<\/p>\n<h3>Kosmos Freizeit und Familie<\/h3>\n<ul>\n<li>Bergwanderungen mit kleinen Kindern (resultierend aus meiner langj\u00e4hrigen Bergwander-Erfahrung)<\/li>\n<li>Infos zum\u00a0richtigen Outdoor-Equipment f\u00fcr Babys und Kinder (vom Fahrradanh\u00e4nger bis zur Babytrage)<\/li>\n<li>Babykurse (Pekip, Kanga, Musikwichteln &#8230;)<\/li>\n<li>Blogs, Podcasts, Videos und Apps zum Thema Schwangerschaft und Baby<\/li>\n<li>meine ganz pers\u00f6nlichen Rennberichte (Mountainbike und Rennrad) und Berg- und Pilgererlebnisse<\/li>\n<li>und alles was mir sonst noch in den Sinn kommt oder am Herzen liegt.<\/li>\n<\/ul>\n<h3>Meine Businesswelt: Marketing offline und online<\/h3>\n<p>Im Berufsleben arbeite\u00a0ich seit Jahren in der Marketingabteilung einer M\u00fcnchener IT Firma, SpaceNet. Geistige Beweglichkeit und k\u00f6rperliche Bewegung sind ein wichtiger Bestandteil meines Lebens &#8211; beruflich wie privat. Deshalb bilde ich mich gerne fort (zur Online Marketing Managerin, zum Mountainbike Trailscout, zum Business Coach usw.)<\/p>\n<p>Und weil ich der Meinung bin Bewegung und Marketing passt sehr gut zusammen biete ich auch Coaching und Inspiration in den Bergen an. www.bergideen.de.<\/p>\n<p>Ein pers\u00f6nliches Anliegen ist mir au\u00dferdem verst\u00e4ndliche und sympathische Kommunikation. Deshalb werde\u00a0ich von Zeit zu Zeit<\/p>\n<ul>\n<li>versuchen die\u00a0Marketingsprache der Marketing-Profis zu entschl\u00fcsseln<\/li>\n<li>und \u00fcber sympathische Kommunikation berichten<\/li>\n<li>und Impulse f\u00fcr ein emphatisches Marketing geben.<\/li>\n<\/ul>\n","protected":false},"excerpt":{"rendered":"<p>Der Mittagsblog ist ein Mischmaschblog. Angefangen 2008 mit pers\u00f6nlichen Geschichten aus meinem Alltag. Mittlerweile schreibe ich \u00fcber: Kosmos Freizeit und Familie Bergwanderungen mit kleinen Kindern (resultierend aus meiner langj\u00e4hrigen Bergwander-Erfahrung) Infos zum\u00a0richtigen Outdoor-Equipment f\u00fcr Babys und Kinder (vom Fahrradanh\u00e4nger bis zur Babytrage) Babykurse (Pekip, Kanga, Musikwichteln &#8230;) Blogs, Podcasts, Videos und Apps zum Thema Schwangerschaft &#8230; <span class=\"more\"><a class=\"more-link\" href=\"https:\/\/www.mittagsblog.de\/?page_id=596\">Weiterlesen &#8230;<\/a><\/span><\/p>\n","protected":false},"author":2,"featured_media":0,"parent":0,"menu_order":0,"comment_status":"closed","ping_status":"closed","template":"","meta":{"footnotes":""},"class_list":["entry","page","publish","author-meisengeige","post-596"],"aioseo_notices":[],"_links":{"self":[{"href":"https:\/\/www.mittagsblog.de\/index.php?rest_route=\/wp\/v2\/pages\/596","targetHints":{"allow":["GET"]}}],"collection":[{"href":"https:\/\/www.mittagsblog.de\/index.php?rest_route=\/wp\/v2\/pages"}],"about":[{"href":"https:\/\/www.mittagsblog.de\/index.php?rest_route=\/wp\/v2\/types\/page"}],"author":[{"embeddable":true,"href":"https:\/\/www.mittagsblog.de\/index.php?rest_route=\/wp\/v2\/users\/2"}],"replies":[{"embeddable":true,"href":"https:\/\/www.mittagsblog.de\/index.php?rest_route=%2Fwp%2Fv2%2Fcomments&post=596"}],"version-history":[{"count":10,"href":"https:\/\/www.mittagsblog.de\/index.php?rest_route=\/wp\/v2\/pages\/596\/revisions"}],"predecessor-version":[{"id":948,"href":"https:\/\/www.mittagsblog.de\/index.php?rest_route=\/wp\/v2\/pages\/596\/revisions\/948"}],"wp:attachment":[{"href":"https:\/\/www.mittagsblog.de\/index.php?rest_route=%2Fwp%2Fv2%2Fmedia&parent=596"}],"curies":[{"name":"wp","href":"https:\/\/api.w.org\/{rel}","templated":true}]}}